{"id":23057,"date":"2013-05-08T14:01:36","date_gmt":"2013-05-08T14:01:36","guid":{"rendered":"http:\/\/curtadoc.tv\/?page_id=23057"},"modified":"2017-07-10T17:25:04","modified_gmt":"2017-07-10T20:25:04","slug":"home","status":"publish","type":"page","link":"https:\/\/curtadoc.com.br\/es\/","title":{"rendered":"Home"},"content":{"rendered":"<p><\/p>\n<\/p>\n<p><\/p>","protected":false},"excerpt":{"rendered":"CurtaDoc \u2022 uma janela para o document\u00e1rio latino-americano DOCUMENT\u00c1RIOS EM REDE O CurtaDoc \u00e9 um espa\u00e7o dedicado ao document\u00e1rio latino-americano. O projeto nasceu em 2009 no Brasil como um programa para o SescTV, e desde 2011 \u00e9 tamb\u00e9m um acervo online. Al\u00e9m de um rico arquivo, estamos formando uma rede de interessados na cultura do [...]","protected":false},"author":1,"featured_media":31445,"parent":0,"menu_order":0,"comment_status":"open","ping_status":"open","template":"","meta":{"footnotes":""},"class_list":["post-23057","page","type-page","status-publish","has-post-thumbnail","hentry"],"aioseo_notices":[],"_links":{"self":[{"href":"https:\/\/curtadoc.com.br\/es\/wp-json\/wp\/v2\/pages\/23057","targetHints":{"allow":["GET"]}}],"collection":[{"href":"https:\/\/curtadoc.com.br\/es\/wp-json\/wp\/v2\/pages"}],"about":[{"href":"https:\/\/curtadoc.com.br\/es\/wp-json\/wp\/v2\/types\/page"}],"author":[{"embeddable":true,"href":"https:\/\/curtadoc.com.br\/es\/wp-json\/wp\/v2\/users\/1"}],"replies":[{"embeddable":true,"href":"https:\/\/curtadoc.com.br\/es\/wp-json\/wp\/v2\/comments?post=23057"}],"version-history":[{"count":0,"href":"https:\/\/curtadoc.com.br\/es\/wp-json\/wp\/v2\/pages\/23057\/revisions"}],"wp:featuredmedia":[{"embeddable":true,"href":"https:\/\/curtadoc.com.br\/es\/wp-json\/wp\/v2\/media\/31445"}],"wp:attachment":[{"href":"https:\/\/curtadoc.com.br\/es\/wp-json\/wp\/v2\/media?parent=23057"}],"curies":[{"name":"wp","href":"https:\/\/api.w.org\/{rel}","templated":true}]}}