{"id":25262,"date":"2013-07-02T14:48:42","date_gmt":"2013-07-02T14:48:42","guid":{"rendered":"http:\/\/curtadoc.tv\/?page_id=25262"},"modified":"2013-07-02T15:32:20","modified_gmt":"2013-07-02T15:32:20","slug":"recuperar-senha","status":"publish","type":"page","link":"https:\/\/curtadoc.com.br\/es\/recuperar-senha\/","title":{"rendered":"Recuperar senha"},"content":{"rendered":"<p class=\"qtranxs-available-languages-message qtranxs-available-languages-message-es\">Disculpa, pero esta entrada est\u00e1 disponible s\u00f3lo en <a href=\"https:\/\/curtadoc.com.br\/pt\/wp-json\/wp\/v2\/pages\/25262\" class=\"qtranxs-available-language-link qtranxs-available-language-link-pt\" title=\"Portugu\u00eas\">Portugu\u00eas<\/a>.<\/p>","protected":false},"excerpt":{"rendered":"<p>Disculpa, pero esta entrada est\u00e1 disponible s\u00f3lo en Portugu\u00eas.<\/p>\n","protected":false},"author":1,"featured_media":0,"parent":0,"menu_order":0,"comment_status":"open","ping_status":"open","template":"","meta":{"footnotes":""},"class_list":["post-25262","page","type-page","status-publish","hentry"],"aioseo_notices":[],"_links":{"self":[{"href":"https:\/\/curtadoc.com.br\/es\/wp-json\/wp\/v2\/pages\/25262","targetHints":{"allow":["GET"]}}],"collection":[{"href":"https:\/\/curtadoc.com.br\/es\/wp-json\/wp\/v2\/pages"}],"about":[{"href":"https:\/\/curtadoc.com.br\/es\/wp-json\/wp\/v2\/types\/page"}],"author":[{"embeddable":true,"href":"https:\/\/curtadoc.com.br\/es\/wp-json\/wp\/v2\/users\/1"}],"replies":[{"embeddable":true,"href":"https:\/\/curtadoc.com.br\/es\/wp-json\/wp\/v2\/comments?post=25262"}],"version-history":[{"count":0,"href":"https:\/\/curtadoc.com.br\/es\/wp-json\/wp\/v2\/pages\/25262\/revisions"}],"wp:attachment":[{"href":"https:\/\/curtadoc.com.br\/es\/wp-json\/wp\/v2\/media?parent=25262"}],"curies":[{"name":"wp","href":"https:\/\/api.w.org\/{rel}","templated":true}]}}